{"id":219,"date":"2025-07-17T16:59:47","date_gmt":"2025-07-17T21:59:47","guid":{"rendered":"https:\/\/musicariumec.com\/wp\/?page_id=219"},"modified":"2026-02-23T20:45:33","modified_gmt":"2026-02-24T01:45:33","slug":"eventos","status":"publish","type":"page","link":"https:\/\/musicariumec.com\/wp\/eventos\/","title":{"rendered":"EVENTOS"},"content":{"rendered":"\n\n\n\n<span style=\"color:#ffffff;\">Eventos Musicarium<\/span>\n\n\n\n<p style=\"font-size:15px;font-family:quicksand;font-weight:500;line-height:2;color:#fff;\">\u00a1Una ma\u00f1ana llena de talento, ritmo y nostalgia te espera!<br data-start=\"555\" data-end=\"558\">\nTu presencia hace la diferencia <img decoding=\"async\" draggable=\"true\" role=\"img\" class=\"emoji\" alt=\"\ud83d\udc9c\" src=\"https:\/\/s.w.org\/images\/core\/emoji\/16.0.1\/svg\/1f49c.svg\"><br data-start=\"592\" data-end=\"595\">\n<img decoding=\"async\" draggable=\"true\" role=\"img\" class=\"emoji\" alt=\"\ud83c\udfab\" src=\"https:\/\/s.w.org\/images\/core\/emoji\/16.0.1\/svg\/1f3ab.svg\"> Reserva tus entradas y ven a vivir la magia de la m\u00fasica con nosotros.<\/p><p style=\"font-size:15px;font-family:quicksand;font-weight:500;line-height:2;color:#fff;\">\ud83d\udccd <strong data-start=\"315\" data-end=\"325\">Lugar:<\/strong> Teatro Victoria<br data-start=\"341\" data-end=\"344\">\n\ud83c\udfad <strong data-start=\"347\" data-end=\"360\">Tem\u00e1tica:<\/strong> \u00a1A los inolvidables a\u00f1os 80!<br data-start=\"389\" data-end=\"392\">\n\ud83d\udc57 C\u00f3digo de vestimenta: <strong data-start=\"417\" data-end=\"435\">Look ochentero<\/strong> (para artistas y p\u00fablico)<br data-start=\"461\" data-end=\"464\">\n\ud83c\udf9f\ufe0f Aporte cultural: <strong data-start=\"485\" data-end=\"495\">$10,00<\/strong><\/p>\n\n\n\n<span style=\"color: rgb(255, 255, 255); background-color: rgb(0, 0, 0);\"><p style=\"color: rgb(255, 255, 255); font-size: 15px; font-family: quicksand; line-height: 2;\"><span style=\"color: rgb(155, 154, 160); font-size: 16px;\"><img decoding=\"async\" draggable=\"true\" role=\"img\" class=\"emoji\" alt=\"\ud83c\udfb6\" src=\"https:\/\/s.w.org\/images\/core\/emoji\/16.0.1\/svg\/1f3b6.svg\">&nbsp;<\/span><span style=\"font-weight: bolder;\">Recital de Fin de Curso I Evaluaciones Finales<\/span><img decoding=\"async\" draggable=\"true\" role=\"img\" class=\"emoji\" alt=\"\ud83c\udfb6\" src=\"https:\/\/s.w.org\/images\/core\/emoji\/16.0.1\/svg\/1f3b6.svg\" style=\"color: rgb(155, 154, 160); font-size: 16px; background-color: rgb(0, 0, 0);\"><\/p><\/span><p data-start=\"157\" data-end=\"400\">\n<\/p><span style=\"color:#ffffff;\"><p data-start=\"157\" data-end=\"400\"><\/p><\/span><span style=\"color:#ffffff;\"><span style=\"\"><p data-start=\"157\" data-end=\"400\"><\/p><\/span><\/span><span style=\"color: rgb(255, 255, 255);\"><p style=\"color: rgb(255, 255, 255); font-size: small; font-family: quicksand; line-height: 2;\">Recital de Fin de Curso I Evaluaciones Finales Del 15 al 21 de Septiembre de 2025, nuestros estudiantes presentar\u00e1n sus ex\u00e1menes finales con jurado, en un recital que celebra el crecimiento art\u00edstico alcanzado durante el ciclo.<\/p><\/span><p data-start=\"614\" data-end=\"753\"><\/p><p style=\"color: rgb(255, 255, 255); font-size: 15px; font-family: quicksand; line-height: 2;\"><img decoding=\"async\" draggable=\"true\" role=\"img\" class=\"emoji\" alt=\"\ud83d\udccd\" src=\"https:\/\/s.w.org\/images\/core\/emoji\/16.0.1\/svg\/1f4cd.svg\" style=\"color: rgb(155, 154, 160); background-color: rgb(0, 0, 0); font-size: 16px;\"><span data-start=\"315\" data-end=\"325\" style=\"font-weight: bolder;\">Lugar:<\/span>&nbsp;Instalaciones Musicarium<\/p><span style=\"font-size:normal;\"><span style=\"color:#ffffff;\"><span style=\"\"><p data-start=\"402\" data-end=\"612\">\n<img decoding=\"async\" draggable=\"true\" role=\"img\" class=\"emoji\" alt=\"\ud83d\udd53\" src=\"https:\/\/s.w.org\/images\/core\/emoji\/16.0.1\/svg\/1f553.svg\"><span data-start=\"315\" data-end=\"325\" style=\"font-weight: bolder; color: rgb(255, 255, 255); font-family: quicksand; font-size: 15px;\">Hora: 16h00&nbsp;<\/span><\/p><\/span><\/span><\/span><span style=\"font-size:normal;\"><span style=\"color:#ffffff;\"><span style=\"\"><p data-start=\"402\" data-end=\"612\"><\/p><\/span><\/span><\/span><span style=\"font-size: small;\"><span style=\"font-size:normal;\"><span style=\"color:#ffffff;\"><span style=\"\"><p data-start=\"402\" data-end=\"612\"><img decoding=\"async\" draggable=\"true\" role=\"img\" class=\"emoji\" alt=\"\ud83c\udfab\" src=\"https:\/\/s.w.org\/images\/core\/emoji\/16.0.1\/svg\/1f3ab.svg\">&nbsp;<span data-start=\"315\" data-end=\"325\" style=\"font-weight: bolder; color: rgb(255, 255, 255); font-family: quicksand;\">Aforo Limitado:<\/span><span style=\"color: rgb(255, 255, 255); font-family: quicksand;\">&nbsp;Cada alumno podr\u00e1 contar con un n\u00famero reducido de asistentes.<\/span><\/p><\/span><\/span><\/span><span style=\"font-size:normal;\"><span style=\"color:#ffffff;\"><p data-start=\"402\" data-end=\"612\"><\/p>\n<p data-start=\"614\" data-end=\"753\"><\/p><\/span><\/span><\/span><span style=\"font-size:normal;\"><span style=\"color:#ffffff;\"><p data-start=\"614\" data-end=\"753\"><img decoding=\"async\" draggable=\"true\" role=\"img\" class=\"emoji\" alt=\"\ud83c\udfad\" src=\"https:\/\/s.w.org\/images\/core\/emoji\/16.0.1\/svg\/1f3ad.svg\" style=\"color: rgb(255, 255, 255); font-family: quicksand; font-size: 15px; background-color: rgb(0, 0, 0);\"><img decoding=\"async\" draggable=\"true\" role=\"img\" class=\"emoji\" alt=\"\ud83c\udf9f\ufe0f\" src=\"https:\/\/s.w.org\/images\/core\/emoji\/16.0.1\/svg\/1f39f.svg\" style=\"color: rgb(255, 255, 255); font-family: quicksand; font-size: 15px; background-color: rgb(0, 0, 0);\"><span style=\"color: rgb(255, 255, 255); font-family: quicksand; font-size: 15px;\">&nbsp;<\/span><strong style=\"color: rgb(255, 255, 255); font-family: quicksand; font-size: 15px;\">Evento Gratuito<\/strong><\/p><\/span><\/span>\n\n\n\n\n\n","protected":false},"excerpt":{"rendered":"","protected":false},"author":1,"featured_media":0,"parent":0,"menu_order":0,"comment_status":"closed","ping_status":"closed","template":"","meta":{"pagelayer_contact_templates":[],"_pagelayer_content":"","footnotes":""},"class_list":["post-219","page","type-page","status-publish","hentry"],"_links":{"self":[{"href":"https:\/\/musicariumec.com\/wp\/wp-json\/wp\/v2\/pages\/219","targetHints":{"allow":["GET"]}}],"collection":[{"href":"https:\/\/musicariumec.com\/wp\/wp-json\/wp\/v2\/pages"}],"about":[{"href":"https:\/\/musicariumec.com\/wp\/wp-json\/wp\/v2\/types\/page"}],"author":[{"embeddable":true,"href":"https:\/\/musicariumec.com\/wp\/wp-json\/wp\/v2\/users\/1"}],"replies":[{"embeddable":true,"href":"https:\/\/musicariumec.com\/wp\/wp-json\/wp\/v2\/comments?post=219"}],"version-history":[{"count":5,"href":"https:\/\/musicariumec.com\/wp\/wp-json\/wp\/v2\/pages\/219\/revisions"}],"predecessor-version":[{"id":842,"href":"https:\/\/musicariumec.com\/wp\/wp-json\/wp\/v2\/pages\/219\/revisions\/842"}],"wp:attachment":[{"href":"https:\/\/musicariumec.com\/wp\/wp-json\/wp\/v2\/media?parent=219"}],"curies":[{"name":"wp","href":"https:\/\/api.w.org\/{rel}","templated":true}]}}