{"id":403,"date":"2025-08-16T12:43:02","date_gmt":"2025-08-16T17:43:02","guid":{"rendered":"https:\/\/musicariumec.com\/wp\/?page_id=403"},"modified":"2026-02-23T20:28:23","modified_gmt":"2026-02-24T01:28:23","slug":"coro","status":"publish","type":"page","link":"https:\/\/musicariumec.com\/wp\/courses\/coro\/","title":{"rendered":"Coro"},"content":{"rendered":"\n\n\n\n\u201cConecta con otros, comparte tu talento y crece como m\u00fasico.\u201d\n\n&nbsp;Coro Musicarium\n<p style=\"color: rgb(255, 255, 255);\">El Coro Musicarium es un espacio donde los estudiantes pueden <strong data-start=\"358\" data-end=\"392\">descubrir y desarrollar su voz<\/strong> mientras aprenden a cantar en grupo. A trav\u00e9s de ejercicios vocales, repertorio coral y ensambles, los participantes mejoran su t\u00e9cnica, afinaci\u00f3n, respiraci\u00f3n y expresividad, disfrutando de la experiencia de crear m\u00fasica colectiva.<\/p>\n\n\n\n\n\n\n\n<h2>\u00a0 \ud83c\udfaf\u00bfA qui\u00e9n est\u00e1 dirigido?<\/h2>\n\n\n\n\n<p>Lorem Ipsum has been the industry&#8217;s standard dummy text ever since the 1500s.<\/p>\n\n\n\n<p>\n<\/p><p data-start=\"351\" data-end=\"369\"><\/p><p data-start=\"672\" data-end=\"711\" style=\"color: rgb(255, 255, 255);\">El Coro Musicarium est\u00e1 pensado para:<\/p>\n\n<span style=\"color: rgb(255, 255, 255);\"><strong data-start=\"714\" data-end=\"747\">Jovenes y adultos<\/strong> que desean aprender a cantar o perfeccionar su t\u00e9cnica vocal.<\/span>\n<span style=\"color:#bbbbbb;\"><strong data-start=\"814\" data-end=\"870\"><\/strong><\/span><span style=\"color:#ffffff;\"><span style=\"\"><strong data-start=\"814\" data-end=\"870\">Personas que quieren experimentar la m\u00fasica en grupo<\/strong>, fortaleciendo la coordinaci\u00f3n, la escucha y la armon\u00eda<span style=\"\">.<\/span><\/span>\n<span style=\"\"><strong>Personas&nbsp;<\/strong><strong data-start=\"756\" data-end=\"792\">motivadas por la m\u00fasica<\/strong> que quieren divertirse, crear y aprender junto a otros en un ambiente motivador y seguro<\/span><\/span><span style=\"color:#bbbbbb;\"><\/span>\n\n<p style=\"color: rgb(255, 255, 255);\">Los ensayos permiten que cada participante <strong data-start=\"1199\" data-end=\"1245\">aprenda a su propio ritmo dentro del grupo<\/strong>, desarrollando habilidades musicales y sociales mientras comparte la experiencia de cantar juntos.<\/p>\n\n\n\n<h2>\ud83c\udfb9 \u00c1reas de aprendizaje<\/h2>\n\n\n\n\n<p>Lorem Ipsum has been the industry&#8217;s standard dummy text ever since the 1500s.<\/p>\n\n\n\n\n\n\n<h2>\ud83d\udcda\u00bfQu\u00e9 ofrece nuestro plan de estudios?\u00a0 \u00a0<\/h2>\n\n\n\n\n\n<p style=\"color: rgb(255, 255, 255); font-size: medium;\">\n<\/p><p data-start=\"1222\" data-end=\"1437\"><\/p><p data-start=\"1122\" data-end=\"1220\" style=\"color: rgb(187, 187, 187);\">\n<\/p><p data-start=\"1518\" data-end=\"1647\"><\/p><p data-start=\"1405\" data-end=\"1516\" style=\"color: rgb(255, 255, 255);\">El Coro Musicarium ofrece un enfoque <strong data-start=\"1442\" data-end=\"1475\">pr\u00e1ctico, progresivo y grupal<\/strong>, con <strong data-start=\"1481\" data-end=\"1513\">una o dos sesiones semanales<\/strong>:<\/p>\n<span style=\"color:#ffffff;\"><p data-start=\"1603\" data-end=\"1715\" style=\"color: rgb(255, 255, 255);\"><span style=\"color:#bbbbbb;\"><img decoding=\"async\" draggable=\"true\" role=\"img\" class=\"emoji\" alt=\"\u2705\" src=\"https:\/\/s.w.org\/images\/core\/emoji\/16.0.1\/svg\/2705.svg\">&nbsp;<\/span><strong data-start=\"1520\" data-end=\"1551\" style=\"color: rgb(255, 255, 255);\">T\u00e9cnica vocal y respiraci\u00f3n<\/strong><\/p><\/span><span style=\"color:#bbbbbb;\">\n<span style=\"color:#ffffff;\">Ejercicios dise\u00f1ados para fortalecer la voz, mejorar la afinaci\u00f3n y ampliar el rango vocal.<\/span><\/span>\n<span style=\"color:#ffffff;\"><p data-start=\"1603\" data-end=\"1715\" style=\"color: rgb(255, 255, 255);\">\n<\/p><p data-start=\"727\" data-end=\"925\"><\/p><p data-start=\"555\" data-end=\"725\"><span style=\"color:#bbbbbb;\">&nbsp;<\/span><span style=\"color: rgb(238, 238, 238);\"><img decoding=\"async\" draggable=\"true\" role=\"img\" class=\"emoji\" alt=\"\u2705\" src=\"https:\/\/s.w.org\/images\/core\/emoji\/16.0.1\/svg\/2705.svg\">&nbsp;<\/span><strong data-start=\"1651\" data-end=\"1683\" style=\"color: rgb(255, 255, 255);\">Repertorio coral y ensambles<\/strong><\/p><\/span><span style=\"color:#bbbbbb;\">\n<span style=\"color:#ffffff;\">Interpretaci\u00f3n de piezas variadas, fomentando la coordinaci\u00f3n y la armon\u00eda grupal.<\/span><\/span>\n<span style=\"color:#ffffff;\"><p data-start=\"1603\" data-end=\"1715\" style=\"color: rgb(255, 255, 255);\">\n<\/p><p data-start=\"927\" data-end=\"1105\"><\/p><p data-start=\"727\" data-end=\"925\"><img decoding=\"async\" draggable=\"true\" role=\"img\" class=\"emoji\" alt=\"\u2705\" src=\"https:\/\/s.w.org\/images\/core\/emoji\/16.0.1\/svg\/2705.svg\">&nbsp;<span style=\"color:#bbbbbb;\"><strong data-start=\"960\" data-end=\"997\" style=\"\"><span style=\"color:#ffffff;\">Ambiente motivador y colaborativo<\/span><br><\/strong><span data-start=\"960\" data-end=\"997\" style=\"color: rgb(255, 255, 255);\">Clases din\u00e1micas donde cada participante <span data-start=\"1041\" data-end=\"1080\" style=\"\">aprende a su ritmo dentro del grupo<\/span>, desarrollando habilidades musicales y sociales en un entorno seguro y estimulante.<\/span><\/span><span data-start=\"960\" data-end=\"997\" style=\"color: rgb(238, 238, 238);\"><\/span><\/p><\/span>\n<p><br><\/p>\n<p style=\"color: rgb(255, 255, 255);\">El Coro Musicarium ofrece <strong data-start=\"87\" data-end=\"148\">clases y horarios separados para ni\u00f1os, j\u00f3venes y adultos<\/strong>, adaptados a cada edad y nivel para un aprendizaje efectivo y motivador.<\/p>\n\n\n<p>Lorem Ipsum has been the industry&#8217;s standard dummy text ever since the 1500s.<\/p>\n\n\n\n\n\n<h3 [object NamedNodeMap]><img decoding=\"async\" draggable=\"true\" role=\"img\" class=\"emoji\" src=\"https:\/\/s.w.org\/images\/core\/emoji\/16.0.1\/svg\/1f5d3.svg\" alt=\"\ud83d\uddd3\ufe0f\"> Modalidad y duraci\u00f3n\u00a0 \u00a0\u00a0<\/h3>\n\n\n\n\n\n\n<p>Lorem Ipsum has been the industry&#8217;s standard dummy text ever since the 1500s.<\/p>\n\n\n\n<p>\n<\/p><p data-start=\"486\" data-end=\"729\" style=\"text-align: center; color: rgb(255, 255, 255);\">Los <strong data-start=\"490\" data-end=\"512\">horarios de clases<\/strong> son flexibles y se establecer\u00e1n <strong data-start=\"545\" data-end=\"615\">de acuerdo a la disponibilidad de tiempo y espacios de Musicarium.<\/strong><\/p>\n\n\n<h2>S\u00edguenos<\/h2>\n\n\n\n\n\n\n\n\n","protected":false},"excerpt":{"rendered":"","protected":false},"author":1,"featured_media":0,"parent":47,"menu_order":0,"comment_status":"closed","ping_status":"closed","template":"","meta":{"pagelayer_contact_templates":[],"_pagelayer_content":"","footnotes":""},"class_list":["post-403","page","type-page","status-publish","hentry"],"_links":{"self":[{"href":"https:\/\/musicariumec.com\/wp\/wp-json\/wp\/v2\/pages\/403","targetHints":{"allow":["GET"]}}],"collection":[{"href":"https:\/\/musicariumec.com\/wp\/wp-json\/wp\/v2\/pages"}],"about":[{"href":"https:\/\/musicariumec.com\/wp\/wp-json\/wp\/v2\/types\/page"}],"author":[{"embeddable":true,"href":"https:\/\/musicariumec.com\/wp\/wp-json\/wp\/v2\/users\/1"}],"replies":[{"embeddable":true,"href":"https:\/\/musicariumec.com\/wp\/wp-json\/wp\/v2\/comments?post=403"}],"version-history":[{"count":30,"href":"https:\/\/musicariumec.com\/wp\/wp-json\/wp\/v2\/pages\/403\/revisions"}],"predecessor-version":[{"id":836,"href":"https:\/\/musicariumec.com\/wp\/wp-json\/wp\/v2\/pages\/403\/revisions\/836"}],"up":[{"embeddable":true,"href":"https:\/\/musicariumec.com\/wp\/wp-json\/wp\/v2\/pages\/47"}],"wp:attachment":[{"href":"https:\/\/musicariumec.com\/wp\/wp-json\/wp\/v2\/media?parent=403"}],"curies":[{"name":"wp","href":"https:\/\/api.w.org\/{rel}","templated":true}]}}